{"id":597,"date":"2024-12-08T17:06:25","date_gmt":"2024-12-08T16:06:25","guid":{"rendered":"https:\/\/tereziamako.eu\/?page_id=597"},"modified":"2024-12-08T17:22:06","modified_gmt":"2024-12-08T16:22:06","slug":"programok","status":"publish","type":"page","link":"https:\/\/tereziamako.eu\/de\/programok\/","title":{"rendered":"Zu besuchende Orte"},"content":{"rendered":"<div data-elementor-type=\"wp-page\" data-elementor-id=\"597\" class=\"elementor elementor-597\" data-elementor-post-type=\"page\">\n\t\t\t\t<div class=\"elementor-element elementor-element-6bf0594 e-flex e-con-boxed e-con e-parent\" data-id=\"6bf0594\" data-element_type=\"container\" data-settings=\"{&quot;background_background&quot;:&quot;classic&quot;}\">\n\t\t\t\t\t<div class=\"e-con-inner\">\n\t\t<div class=\"elementor-element elementor-element-0f76cfa e-con-full e-flex e-con e-child\" data-id=\"0f76cfa\" data-element_type=\"container\">\n\t\t<div class=\"elementor-element elementor-element-28ea8a9 e-flex e-con-boxed e-con e-child\" data-id=\"28ea8a9\" data-element_type=\"container\">\n\t\t\t\t\t<div class=\"e-con-inner\">\n\t\t\t\t<div class=\"elementor-element elementor-element-3fca4c3 elementor-widget elementor-widget-heading\" data-id=\"3fca4c3\" data-element_type=\"widget\" data-widget_type=\"heading.default\">\n\t\t\t\t<div class=\"elementor-widget-container\">\n\t\t\t\t\t<span class=\"elementor-heading-title elementor-size-default\">Zu besuchende Orte<\/span>\t\t\t\t<\/div>\n\t\t\t\t<\/div>\n\t\t\t\t<div class=\"elementor-element elementor-element-ca9ffdb elementor-widget elementor-widget-heading\" data-id=\"ca9ffdb\" data-element_type=\"widget\" data-widget_type=\"heading.default\">\n\t\t\t\t<div class=\"elementor-widget-container\">\n\t\t\t\t\t<h2 class=\"elementor-heading-title elementor-size-default\">Entdecke die Sch\u00e4tze von Mak\u00f3!<\/h2>\t\t\t\t<\/div>\n\t\t\t\t<\/div>\n\t\t\t\t\t<\/div>\n\t\t\t\t<\/div>\n\t\t<div class=\"elementor-element elementor-element-b4d0011 e-flex e-con-boxed e-con e-child\" data-id=\"b4d0011\" data-element_type=\"container\">\n\t\t\t\t\t<div class=\"e-con-inner\">\n\t\t\t\t\t<\/div>\n\t\t\t\t<\/div>\n\t\t\t\t<\/div>\n\t\t\t\t<div class=\"elementor-element elementor-element-70663d9 elementor-widget elementor-widget-text-editor\" data-id=\"70663d9\" data-element_type=\"widget\" data-widget_type=\"text-editor.default\">\n\t\t\t\t<div class=\"elementor-widget-container\">\n\t\t\t\t\t\t\t\t\t<p>Mak\u00f3, die Stadt an der Maros, ist ein Juwel der ungarischen Tiefebene und bietet eine F\u00fclle an kulturellen und nat\u00fcrlichen Sehensw\u00fcrdigkeiten. Die Stadt ist weltweit f\u00fcr ihre ber\u00fchmte Mak\u00f3-Zwiebel bekannt, hat jedoch noch viel mehr zu bieten!<\/p><p><strong>Hagymatikum Heilbad<\/strong><br \/>Das Hagymatikum Heilbad, ein Meisterwerk des ber\u00fchmten Architekten Imre Makovecz, ist das Herzst\u00fcck von Mak\u00f3. Mit seiner einzigartigen Architektur und dem wohltuenden Heilwasser l\u00e4dt es zur Entspannung und Erholung ein.<\/p><p><strong>J\u00f3zsef Attila Stadtbibliothek und Museum<\/strong><br \/>Im Museum kannst du die reiche Geschichte und das kulturelle Erbe der Stadt entdecken. Ausstellungen pr\u00e4sentieren historische Relikte, ethnografische Sch\u00e4tze und Erinnerungsst\u00fccke des ber\u00fchmten Dichters Attila J\u00f3zsef.<\/p><p><strong>Baumkronenpfad und Maros Abenteuerpark<\/strong><br \/>Naturfreunde werden den Baumkronenpfad lieben, der einen Spaziergang in luftiger H\u00f6he und einen herrlichen Blick auf die Umgebung bietet. Der Maros Abenteuerpark sorgt mit spannenden Aktivit\u00e4ten f\u00fcr Spa\u00df bei Gro\u00df und Klein.<\/p><p><strong>Mak\u00f3 Zwiebelhaus und Musikpavillon<\/strong><br \/>Das Zwiebelhaus ist bekannt f\u00fcr seine kulturellen Veranstaltungen, w\u00e4hrend der Musikpavillon den romantischen Charme der Stadt widerspiegelt \u2013 der perfekte Ort f\u00fcr einen entspannten Spaziergang.<\/p><p>Mak\u00f3 hat f\u00fcr jeden etwas Besonderes zu bieten \u2013 ob Wellness, Geschichte oder Naturerlebnisse. Besuche uns und entdecke die Wunder von Mak\u00f3!<\/p>\t\t\t\t\t\t\t\t<\/div>\n\t\t\t\t<\/div>\n\t\t\t\t<div class=\"elementor-element elementor-element-8f7cb62 elementor-widget elementor-widget-gallery\" data-id=\"8f7cb62\" data-element_type=\"widget\" data-settings=\"{&quot;columns&quot;:3,&quot;gap&quot;:{&quot;unit&quot;:&quot;px&quot;,&quot;size&quot;:24,&quot;sizes&quot;:[]},&quot;aspect_ratio&quot;:&quot;1:1&quot;,&quot;columns_tablet&quot;:3,&quot;columns_mobile&quot;:2,&quot;lazyload&quot;:&quot;yes&quot;,&quot;gallery_layout&quot;:&quot;grid&quot;,&quot;gap_laptop&quot;:{&quot;unit&quot;:&quot;px&quot;,&quot;size&quot;:10,&quot;sizes&quot;:[]},&quot;gap_tablet&quot;:{&quot;unit&quot;:&quot;px&quot;,&quot;size&quot;:10,&quot;sizes&quot;:[]},&quot;gap_mobile&quot;:{&quot;unit&quot;:&quot;px&quot;,&quot;size&quot;:10,&quot;sizes&quot;:[]},&quot;link_to&quot;:&quot;file&quot;,&quot;overlay_background&quot;:&quot;yes&quot;,&quot;content_hover_animation&quot;:&quot;fade-in&quot;}\" data-widget_type=\"gallery.default\">\n\t\t\t\t<div class=\"elementor-widget-container\">\n\t\t\t\t\t\t\t<div class=\"elementor-gallery__container\">\n\t\t\t\t\t\t\t<a class=\"e-gallery-item elementor-gallery-item elementor-animated-content\" href=\"https:\/\/tereziamako.eu\/wp-content\/uploads\/2024\/12\/mako-latnivalok-11.jpg\" data-elementor-open-lightbox=\"yes\" data-elementor-lightbox-slideshow=\"8f7cb62\" data-elementor-lightbox-title=\"mako-latnivalok-11\" data-e-action-hash=\"#elementor-action%3Aaction%3Dlightbox%26settings%3DeyJpZCI6NjE5LCJ1cmwiOiJodHRwczpcL1wvdGVyZXppYW1ha28uZXVcL3dwLWNvbnRlbnRcL3VwbG9hZHNcLzIwMjRcLzEyXC9tYWtvLWxhdG5pdmFsb2stMTEuanBnIiwic2xpZGVzaG93IjoiOGY3Y2I2MiJ9\">\n\t\t\t\t\t<div class=\"e-gallery-image elementor-gallery-item__image\" data-thumbnail=\"https:\/\/tereziamako.eu\/wp-content\/uploads\/2024\/12\/mako-latnivalok-11.jpg\" data-width=\"1080\" data-height=\"810\" aria-label=\"Mak\u00f3i l\u00e1tnival\u00f3k\" role=\"img\" ><\/div>\n\t\t\t\t\t\t\t\t\t\t\t<div class=\"elementor-gallery-item__overlay\"><\/div>\n\t\t\t\t\t\t\t\t\t\t\t\t\t\t<\/a>\n\t\t\t\t\t\t\t<a class=\"e-gallery-item elementor-gallery-item elementor-animated-content\" href=\"https:\/\/tereziamako.eu\/wp-content\/uploads\/2024\/12\/mako-latnivalok-9.jpg\" data-elementor-open-lightbox=\"yes\" data-elementor-lightbox-slideshow=\"8f7cb62\" data-elementor-lightbox-title=\"mako-latnivalok-9\" data-e-action-hash=\"#elementor-action%3Aaction%3Dlightbox%26settings%3DeyJpZCI6NjE3LCJ1cmwiOiJodHRwczpcL1wvdGVyZXppYW1ha28uZXVcL3dwLWNvbnRlbnRcL3VwbG9hZHNcLzIwMjRcLzEyXC9tYWtvLWxhdG5pdmFsb2stOS5qcGciLCJzbGlkZXNob3ciOiI4ZjdjYjYyIn0%3D\">\n\t\t\t\t\t<div class=\"e-gallery-image elementor-gallery-item__image\" data-thumbnail=\"https:\/\/tereziamako.eu\/wp-content\/uploads\/2024\/12\/mako-latnivalok-9.jpg\" data-width=\"1080\" data-height=\"1440\" aria-label=\"Mak\u00f3i l\u00e1tnival\u00f3k\" role=\"img\" ><\/div>\n\t\t\t\t\t\t\t\t\t\t\t<div class=\"elementor-gallery-item__overlay\"><\/div>\n\t\t\t\t\t\t\t\t\t\t\t\t\t\t<\/a>\n\t\t\t\t\t\t\t<a class=\"e-gallery-item elementor-gallery-item elementor-animated-content\" href=\"https:\/\/tereziamako.eu\/wp-content\/uploads\/2024\/12\/mako-lombkoronasetany3.jpg\" data-elementor-open-lightbox=\"yes\" data-elementor-lightbox-slideshow=\"8f7cb62\" data-elementor-lightbox-title=\"mako-lombkoronasetany3\" data-e-action-hash=\"#elementor-action%3Aaction%3Dlightbox%26settings%3DeyJpZCI6NjAzLCJ1cmwiOiJodHRwczpcL1wvdGVyZXppYW1ha28uZXVcL3dwLWNvbnRlbnRcL3VwbG9hZHNcLzIwMjRcLzEyXC9tYWtvLWxvbWJrb3JvbmFzZXRhbnkzLmpwZyIsInNsaWRlc2hvdyI6IjhmN2NiNjIifQ%3D%3D\">\n\t\t\t\t\t<div class=\"e-gallery-image elementor-gallery-item__image\" data-thumbnail=\"https:\/\/tereziamako.eu\/wp-content\/uploads\/2024\/12\/mako-lombkoronasetany3.jpg\" data-width=\"1080\" data-height=\"810\" aria-label=\"Mak\u00f3i l\u00e1tnival\u00f3k\" role=\"img\" ><\/div>\n\t\t\t\t\t\t\t\t\t\t\t<div class=\"elementor-gallery-item__overlay\"><\/div>\n\t\t\t\t\t\t\t\t\t\t\t\t\t\t<\/a>\n\t\t\t\t\t\t\t<a class=\"e-gallery-item elementor-gallery-item elementor-animated-content\" href=\"https:\/\/tereziamako.eu\/wp-content\/uploads\/2024\/12\/mako-maros-part-1.jpg\" data-elementor-open-lightbox=\"yes\" data-elementor-lightbox-slideshow=\"8f7cb62\" data-elementor-lightbox-title=\"mako-maros-part-1\" data-e-action-hash=\"#elementor-action%3Aaction%3Dlightbox%26settings%3DeyJpZCI6NjA0LCJ1cmwiOiJodHRwczpcL1wvdGVyZXppYW1ha28uZXVcL3dwLWNvbnRlbnRcL3VwbG9hZHNcLzIwMjRcLzEyXC9tYWtvLW1hcm9zLXBhcnQtMS5qcGciLCJzbGlkZXNob3ciOiI4ZjdjYjYyIn0%3D\">\n\t\t\t\t\t<div class=\"e-gallery-image elementor-gallery-item__image\" data-thumbnail=\"https:\/\/tereziamako.eu\/wp-content\/uploads\/2024\/12\/mako-maros-part-1.jpg\" data-width=\"1080\" data-height=\"1440\" aria-label=\"Mak\u00f3i l\u00e1tnival\u00f3k\" role=\"img\" ><\/div>\n\t\t\t\t\t\t\t\t\t\t\t<div class=\"elementor-gallery-item__overlay\"><\/div>\n\t\t\t\t\t\t\t\t\t\t\t\t\t\t<\/a>\n\t\t\t\t\t\t\t<a class=\"e-gallery-item elementor-gallery-item elementor-animated-content\" href=\"https:\/\/tereziamako.eu\/wp-content\/uploads\/2024\/12\/mako-latnivalok-2.jpg\" data-elementor-open-lightbox=\"yes\" data-elementor-lightbox-slideshow=\"8f7cb62\" data-elementor-lightbox-title=\"mako-latnivalok-2\" data-e-action-hash=\"#elementor-action%3Aaction%3Dlightbox%26settings%3DeyJpZCI6NjEwLCJ1cmwiOiJodHRwczpcL1wvdGVyZXppYW1ha28uZXVcL3dwLWNvbnRlbnRcL3VwbG9hZHNcLzIwMjRcLzEyXC9tYWtvLWxhdG5pdmFsb2stMi5qcGciLCJzbGlkZXNob3ciOiI4ZjdjYjYyIn0%3D\">\n\t\t\t\t\t<div class=\"e-gallery-image elementor-gallery-item__image\" data-thumbnail=\"https:\/\/tereziamako.eu\/wp-content\/uploads\/2024\/12\/mako-latnivalok-2.jpg\" data-width=\"1080\" data-height=\"804\" aria-label=\"Mak\u00f3i l\u00e1tnival\u00f3k\" role=\"img\" ><\/div>\n\t\t\t\t\t\t\t\t\t\t\t<div class=\"elementor-gallery-item__overlay\"><\/div>\n\t\t\t\t\t\t\t\t\t\t\t\t\t\t<\/a>\n\t\t\t\t\t\t\t<a class=\"e-gallery-item elementor-gallery-item elementor-animated-content\" href=\"https:\/\/tereziamako.eu\/wp-content\/uploads\/2024\/12\/mako-latnivalok-12.jpg\" data-elementor-open-lightbox=\"yes\" data-elementor-lightbox-slideshow=\"8f7cb62\" data-elementor-lightbox-title=\"mako-latnivalok-12\" data-e-action-hash=\"#elementor-action%3Aaction%3Dlightbox%26settings%3DeyJpZCI6NjAwLCJ1cmwiOiJodHRwczpcL1wvdGVyZXppYW1ha28uZXVcL3dwLWNvbnRlbnRcL3VwbG9hZHNcLzIwMjRcLzEyXC9tYWtvLWxhdG5pdmFsb2stMTIuanBnIiwic2xpZGVzaG93IjoiOGY3Y2I2MiJ9\">\n\t\t\t\t\t<div class=\"e-gallery-image elementor-gallery-item__image\" data-thumbnail=\"https:\/\/tereziamako.eu\/wp-content\/uploads\/2024\/12\/mako-latnivalok-12.jpg\" data-width=\"1080\" data-height=\"694\" aria-label=\"Mak\u00f3i l\u00e1tnival\u00f3k\" role=\"img\" ><\/div>\n\t\t\t\t\t\t\t\t\t\t\t<div class=\"elementor-gallery-item__overlay\"><\/div>\n\t\t\t\t\t\t\t\t\t\t\t\t\t\t<\/a>\n\t\t\t\t\t\t\t<a class=\"e-gallery-item elementor-gallery-item elementor-animated-content\" href=\"https:\/\/tereziamako.eu\/wp-content\/uploads\/2024\/12\/mako-latnivalok-3.jpg\" data-elementor-open-lightbox=\"yes\" data-elementor-lightbox-slideshow=\"8f7cb62\" data-elementor-lightbox-title=\"mako-latnivalok-3\" data-e-action-hash=\"#elementor-action%3Aaction%3Dlightbox%26settings%3DeyJpZCI6NjExLCJ1cmwiOiJodHRwczpcL1wvdGVyZXppYW1ha28uZXVcL3dwLWNvbnRlbnRcL3VwbG9hZHNcLzIwMjRcLzEyXC9tYWtvLWxhdG5pdmFsb2stMy5qcGciLCJzbGlkZXNob3ciOiI4ZjdjYjYyIn0%3D\">\n\t\t\t\t\t<div class=\"e-gallery-image elementor-gallery-item__image\" data-thumbnail=\"https:\/\/tereziamako.eu\/wp-content\/uploads\/2024\/12\/mako-latnivalok-3.jpg\" data-width=\"1080\" data-height=\"1499\" aria-label=\"Mak\u00f3i l\u00e1tnival\u00f3k\" role=\"img\" ><\/div>\n\t\t\t\t\t\t\t\t\t\t\t<div class=\"elementor-gallery-item__overlay\"><\/div>\n\t\t\t\t\t\t\t\t\t\t\t\t\t\t<\/a>\n\t\t\t\t\t\t\t<a class=\"e-gallery-item elementor-gallery-item elementor-animated-content\" href=\"https:\/\/tereziamako.eu\/wp-content\/uploads\/2024\/12\/mako-latnivalok-8.jpg\" data-elementor-open-lightbox=\"yes\" data-elementor-lightbox-slideshow=\"8f7cb62\" data-elementor-lightbox-title=\"mako-latnivalok-8\" data-e-action-hash=\"#elementor-action%3Aaction%3Dlightbox%26settings%3DeyJpZCI6NjE2LCJ1cmwiOiJodHRwczpcL1wvdGVyZXppYW1ha28uZXVcL3dwLWNvbnRlbnRcL3VwbG9hZHNcLzIwMjRcLzEyXC9tYWtvLWxhdG5pdmFsb2stOC5qcGciLCJzbGlkZXNob3ciOiI4ZjdjYjYyIn0%3D\">\n\t\t\t\t\t<div class=\"e-gallery-image elementor-gallery-item__image\" data-thumbnail=\"https:\/\/tereziamako.eu\/wp-content\/uploads\/2024\/12\/mako-latnivalok-8.jpg\" data-width=\"1080\" data-height=\"623\" aria-label=\"Mak\u00f3i l\u00e1tnival\u00f3k\" role=\"img\" ><\/div>\n\t\t\t\t\t\t\t\t\t\t\t<div class=\"elementor-gallery-item__overlay\"><\/div>\n\t\t\t\t\t\t\t\t\t\t\t\t\t\t<\/a>\n\t\t\t\t\t\t\t<a class=\"e-gallery-item elementor-gallery-item elementor-animated-content\" href=\"https:\/\/tereziamako.eu\/wp-content\/uploads\/2024\/12\/mako-posta.jpg\" data-elementor-open-lightbox=\"yes\" data-elementor-lightbox-slideshow=\"8f7cb62\" data-elementor-lightbox-title=\"mako-posta\" data-e-action-hash=\"#elementor-action%3Aaction%3Dlightbox%26settings%3DeyJpZCI6NjA4LCJ1cmwiOiJodHRwczpcL1wvdGVyZXppYW1ha28uZXVcL3dwLWNvbnRlbnRcL3VwbG9hZHNcLzIwMjRcLzEyXC9tYWtvLXBvc3RhLmpwZyIsInNsaWRlc2hvdyI6IjhmN2NiNjIifQ%3D%3D\">\n\t\t\t\t\t<div class=\"e-gallery-image elementor-gallery-item__image\" data-thumbnail=\"https:\/\/tereziamako.eu\/wp-content\/uploads\/2024\/12\/mako-posta.jpg\" data-width=\"1080\" data-height=\"908\" aria-label=\"Mak\u00f3i l\u00e1tnival\u00f3k\" role=\"img\" ><\/div>\n\t\t\t\t\t\t\t\t\t\t\t<div class=\"elementor-gallery-item__overlay\"><\/div>\n\t\t\t\t\t\t\t\t\t\t\t\t\t\t<\/a>\n\t\t\t\t\t\t\t<a class=\"e-gallery-item elementor-gallery-item elementor-animated-content\" href=\"https:\/\/tereziamako.eu\/wp-content\/uploads\/2024\/12\/mako-latnivalok-5.jpg\" data-elementor-open-lightbox=\"yes\" data-elementor-lightbox-slideshow=\"8f7cb62\" data-elementor-lightbox-title=\"mako-latnivalok-5\" data-e-action-hash=\"#elementor-action%3Aaction%3Dlightbox%26settings%3DeyJpZCI6NjEzLCJ1cmwiOiJodHRwczpcL1wvdGVyZXppYW1ha28uZXVcL3dwLWNvbnRlbnRcL3VwbG9hZHNcLzIwMjRcLzEyXC9tYWtvLWxhdG5pdmFsb2stNS5qcGciLCJzbGlkZXNob3ciOiI4ZjdjYjYyIn0%3D\">\n\t\t\t\t\t<div class=\"e-gallery-image elementor-gallery-item__image\" data-thumbnail=\"https:\/\/tereziamako.eu\/wp-content\/uploads\/2024\/12\/mako-latnivalok-5.jpg\" data-width=\"1080\" data-height=\"1484\" aria-label=\"Mak\u00f3i l\u00e1tnival\u00f3k\" role=\"img\" ><\/div>\n\t\t\t\t\t\t\t\t\t\t\t<div class=\"elementor-gallery-item__overlay\"><\/div>\n\t\t\t\t\t\t\t\t\t\t\t\t\t\t<\/a>\n\t\t\t\t\t\t\t<a class=\"e-gallery-item elementor-gallery-item elementor-animated-content\" href=\"https:\/\/tereziamako.eu\/wp-content\/uploads\/2024\/12\/mako-latnivalok-6.jpg\" data-elementor-open-lightbox=\"yes\" data-elementor-lightbox-slideshow=\"8f7cb62\" data-elementor-lightbox-title=\"mako-latnivalok-6\" data-e-action-hash=\"#elementor-action%3Aaction%3Dlightbox%26settings%3DeyJpZCI6NjE0LCJ1cmwiOiJodHRwczpcL1wvdGVyZXppYW1ha28uZXVcL3dwLWNvbnRlbnRcL3VwbG9hZHNcLzIwMjRcLzEyXC9tYWtvLWxhdG5pdmFsb2stNi5qcGciLCJzbGlkZXNob3ciOiI4ZjdjYjYyIn0%3D\">\n\t\t\t\t\t<div class=\"e-gallery-image elementor-gallery-item__image\" data-thumbnail=\"https:\/\/tereziamako.eu\/wp-content\/uploads\/2024\/12\/mako-latnivalok-6.jpg\" data-width=\"1080\" data-height=\"738\" aria-label=\"Mak\u00f3i l\u00e1tnival\u00f3k\" role=\"img\" ><\/div>\n\t\t\t\t\t\t\t\t\t\t\t<div class=\"elementor-gallery-item__overlay\"><\/div>\n\t\t\t\t\t\t\t\t\t\t\t\t\t\t<\/a>\n\t\t\t\t\t\t\t<a class=\"e-gallery-item elementor-gallery-item elementor-animated-content\" href=\"https:\/\/tereziamako.eu\/wp-content\/uploads\/2024\/12\/mako-latnivalok-1.jpg\" data-elementor-open-lightbox=\"yes\" data-elementor-lightbox-slideshow=\"8f7cb62\" data-elementor-lightbox-title=\"mako-latnivalok-1\" data-e-action-hash=\"#elementor-action%3Aaction%3Dlightbox%26settings%3DeyJpZCI6NjA5LCJ1cmwiOiJodHRwczpcL1wvdGVyZXppYW1ha28uZXVcL3dwLWNvbnRlbnRcL3VwbG9hZHNcLzIwMjRcLzEyXC9tYWtvLWxhdG5pdmFsb2stMS5qcGciLCJzbGlkZXNob3ciOiI4ZjdjYjYyIn0%3D\">\n\t\t\t\t\t<div class=\"e-gallery-image elementor-gallery-item__image\" data-thumbnail=\"https:\/\/tereziamako.eu\/wp-content\/uploads\/2024\/12\/mako-latnivalok-1.jpg\" data-width=\"1080\" data-height=\"1546\" aria-label=\"Mak\u00f3i l\u00e1tnival\u00f3k\" role=\"img\" ><\/div>\n\t\t\t\t\t\t\t\t\t\t\t<div class=\"elementor-gallery-item__overlay\"><\/div>\n\t\t\t\t\t\t\t\t\t\t\t\t\t\t<\/a>\n\t\t\t\t\t\t\t<a class=\"e-gallery-item elementor-gallery-item elementor-animated-content\" href=\"https:\/\/tereziamako.eu\/wp-content\/uploads\/2024\/12\/mako-maros-part-4.jpg\" data-elementor-open-lightbox=\"yes\" data-elementor-lightbox-slideshow=\"8f7cb62\" data-elementor-lightbox-title=\"mako-maros-part-4\" data-e-action-hash=\"#elementor-action%3Aaction%3Dlightbox%26settings%3DeyJpZCI6NjA3LCJ1cmwiOiJodHRwczpcL1wvdGVyZXppYW1ha28uZXVcL3dwLWNvbnRlbnRcL3VwbG9hZHNcLzIwMjRcLzEyXC9tYWtvLW1hcm9zLXBhcnQtNC5qcGciLCJzbGlkZXNob3ciOiI4ZjdjYjYyIn0%3D\">\n\t\t\t\t\t<div class=\"e-gallery-image elementor-gallery-item__image\" data-thumbnail=\"https:\/\/tereziamako.eu\/wp-content\/uploads\/2024\/12\/mako-maros-part-4.jpg\" data-width=\"1080\" data-height=\"1441\" aria-label=\"Mak\u00f3i l\u00e1tnival\u00f3k\" role=\"img\" ><\/div>\n\t\t\t\t\t\t\t\t\t\t\t<div class=\"elementor-gallery-item__overlay\"><\/div>\n\t\t\t\t\t\t\t\t\t\t\t\t\t\t<\/a>\n\t\t\t\t\t\t\t<a class=\"e-gallery-item elementor-gallery-item elementor-animated-content\" href=\"https:\/\/tereziamako.eu\/wp-content\/uploads\/2024\/12\/mako-lombkoronasetany.jpg\" data-elementor-open-lightbox=\"yes\" data-elementor-lightbox-slideshow=\"8f7cb62\" data-elementor-lightbox-title=\"mako-lombkoronasetany\" data-e-action-hash=\"#elementor-action%3Aaction%3Dlightbox%26settings%3DeyJpZCI6NjAxLCJ1cmwiOiJodHRwczpcL1wvdGVyZXppYW1ha28uZXVcL3dwLWNvbnRlbnRcL3VwbG9hZHNcLzIwMjRcLzEyXC9tYWtvLWxvbWJrb3JvbmFzZXRhbnkuanBnIiwic2xpZGVzaG93IjoiOGY3Y2I2MiJ9\">\n\t\t\t\t\t<div class=\"e-gallery-image elementor-gallery-item__image\" data-thumbnail=\"https:\/\/tereziamako.eu\/wp-content\/uploads\/2024\/12\/mako-lombkoronasetany.jpg\" data-width=\"1080\" data-height=\"1440\" aria-label=\"Mak\u00f3i l\u00e1tnival\u00f3k\" role=\"img\" ><\/div>\n\t\t\t\t\t\t\t\t\t\t\t<div class=\"elementor-gallery-item__overlay\"><\/div>\n\t\t\t\t\t\t\t\t\t\t\t\t\t\t<\/a>\n\t\t\t\t\t\t\t<a class=\"e-gallery-item elementor-gallery-item elementor-animated-content\" href=\"https:\/\/tereziamako.eu\/wp-content\/uploads\/2024\/12\/mako-latnivalok-4.jpg\" data-elementor-open-lightbox=\"yes\" data-elementor-lightbox-slideshow=\"8f7cb62\" data-elementor-lightbox-title=\"mako-latnivalok-4\" data-e-action-hash=\"#elementor-action%3Aaction%3Dlightbox%26settings%3DeyJpZCI6NjEyLCJ1cmwiOiJodHRwczpcL1wvdGVyZXppYW1ha28uZXVcL3dwLWNvbnRlbnRcL3VwbG9hZHNcLzIwMjRcLzEyXC9tYWtvLWxhdG5pdmFsb2stNC5qcGciLCJzbGlkZXNob3ciOiI4ZjdjYjYyIn0%3D\">\n\t\t\t\t\t<div class=\"e-gallery-image elementor-gallery-item__image\" data-thumbnail=\"https:\/\/tereziamako.eu\/wp-content\/uploads\/2024\/12\/mako-latnivalok-4.jpg\" data-width=\"1080\" data-height=\"693\" aria-label=\"Mak\u00f3i l\u00e1tnival\u00f3k\" role=\"img\" ><\/div>\n\t\t\t\t\t\t\t\t\t\t\t<div class=\"elementor-gallery-item__overlay\"><\/div>\n\t\t\t\t\t\t\t\t\t\t\t\t\t\t<\/a>\n\t\t\t\t\t\t\t<a class=\"e-gallery-item elementor-gallery-item elementor-animated-content\" href=\"https:\/\/tereziamako.eu\/wp-content\/uploads\/2024\/12\/mako-maros-part-3.jpg\" data-elementor-open-lightbox=\"yes\" data-elementor-lightbox-slideshow=\"8f7cb62\" data-elementor-lightbox-title=\"mako-maros-part-3\" data-e-action-hash=\"#elementor-action%3Aaction%3Dlightbox%26settings%3DeyJpZCI6NjA2LCJ1cmwiOiJodHRwczpcL1wvdGVyZXppYW1ha28uZXVcL3dwLWNvbnRlbnRcL3VwbG9hZHNcLzIwMjRcLzEyXC9tYWtvLW1hcm9zLXBhcnQtMy5qcGciLCJzbGlkZXNob3ciOiI4ZjdjYjYyIn0%3D\">\n\t\t\t\t\t<div class=\"e-gallery-image elementor-gallery-item__image\" data-thumbnail=\"https:\/\/tereziamako.eu\/wp-content\/uploads\/2024\/12\/mako-maros-part-3.jpg\" data-width=\"1080\" data-height=\"1420\" aria-label=\"Mak\u00f3i l\u00e1tnival\u00f3k\" role=\"img\" ><\/div>\n\t\t\t\t\t\t\t\t\t\t\t<div class=\"elementor-gallery-item__overlay\"><\/div>\n\t\t\t\t\t\t\t\t\t\t\t\t\t\t<\/a>\n\t\t\t\t\t\t\t<a class=\"e-gallery-item elementor-gallery-item elementor-animated-content\" href=\"https:\/\/tereziamako.eu\/wp-content\/uploads\/2024\/12\/mako-lombkoronasetany2.jpg\" data-elementor-open-lightbox=\"yes\" data-elementor-lightbox-slideshow=\"8f7cb62\" data-elementor-lightbox-title=\"mako-lombkoronasetany2\" data-e-action-hash=\"#elementor-action%3Aaction%3Dlightbox%26settings%3DeyJpZCI6NjAyLCJ1cmwiOiJodHRwczpcL1wvdGVyZXppYW1ha28uZXVcL3dwLWNvbnRlbnRcL3VwbG9hZHNcLzIwMjRcLzEyXC9tYWtvLWxvbWJrb3JvbmFzZXRhbnkyLmpwZyIsInNsaWRlc2hvdyI6IjhmN2NiNjIifQ%3D%3D\">\n\t\t\t\t\t<div class=\"e-gallery-image elementor-gallery-item__image\" data-thumbnail=\"https:\/\/tereziamako.eu\/wp-content\/uploads\/2024\/12\/mako-lombkoronasetany2.jpg\" data-width=\"1080\" data-height=\"1581\" aria-label=\"Mak\u00f3i l\u00e1tnival\u00f3k\" role=\"img\" ><\/div>\n\t\t\t\t\t\t\t\t\t\t\t<div class=\"elementor-gallery-item__overlay\"><\/div>\n\t\t\t\t\t\t\t\t\t\t\t\t\t\t<\/a>\n\t\t\t\t\t\t\t<a class=\"e-gallery-item elementor-gallery-item elementor-animated-content\" href=\"https:\/\/tereziamako.eu\/wp-content\/uploads\/2024\/12\/mako-latnivalok-7.jpg\" data-elementor-open-lightbox=\"yes\" data-elementor-lightbox-slideshow=\"8f7cb62\" data-elementor-lightbox-title=\"mako-latnivalok-7\" data-e-action-hash=\"#elementor-action%3Aaction%3Dlightbox%26settings%3DeyJpZCI6NjE1LCJ1cmwiOiJodHRwczpcL1wvdGVyZXppYW1ha28uZXVcL3dwLWNvbnRlbnRcL3VwbG9hZHNcLzIwMjRcLzEyXC9tYWtvLWxhdG5pdmFsb2stNy5qcGciLCJzbGlkZXNob3ciOiI4ZjdjYjYyIn0%3D\">\n\t\t\t\t\t<div class=\"e-gallery-image elementor-gallery-item__image\" data-thumbnail=\"https:\/\/tereziamako.eu\/wp-content\/uploads\/2024\/12\/mako-latnivalok-7.jpg\" data-width=\"1080\" data-height=\"1440\" aria-label=\"Mak\u00f3i l\u00e1tnival\u00f3k\" role=\"img\" ><\/div>\n\t\t\t\t\t\t\t\t\t\t\t<div class=\"elementor-gallery-item__overlay\"><\/div>\n\t\t\t\t\t\t\t\t\t\t\t\t\t\t<\/a>\n\t\t\t\t\t\t\t<a class=\"e-gallery-item elementor-gallery-item elementor-animated-content\" href=\"https:\/\/tereziamako.eu\/wp-content\/uploads\/2024\/12\/mako-latnivalok-10.jpg\" data-elementor-open-lightbox=\"yes\" data-elementor-lightbox-slideshow=\"8f7cb62\" data-elementor-lightbox-title=\"mako-latnivalok-10\" data-e-action-hash=\"#elementor-action%3Aaction%3Dlightbox%26settings%3DeyJpZCI6NjE4LCJ1cmwiOiJodHRwczpcL1wvdGVyZXppYW1ha28uZXVcL3dwLWNvbnRlbnRcL3VwbG9hZHNcLzIwMjRcLzEyXC9tYWtvLWxhdG5pdmFsb2stMTAuanBnIiwic2xpZGVzaG93IjoiOGY3Y2I2MiJ9\">\n\t\t\t\t\t<div class=\"e-gallery-image elementor-gallery-item__image\" data-thumbnail=\"https:\/\/tereziamako.eu\/wp-content\/uploads\/2024\/12\/mako-latnivalok-10.jpg\" data-width=\"1080\" data-height=\"1194\" aria-label=\"Mak\u00f3i l\u00e1tnival\u00f3k\" role=\"img\" ><\/div>\n\t\t\t\t\t\t\t\t\t\t\t<div class=\"elementor-gallery-item__overlay\"><\/div>\n\t\t\t\t\t\t\t\t\t\t\t\t\t\t<\/a>\n\t\t\t\t\t\t\t<a class=\"e-gallery-item elementor-gallery-item elementor-animated-content\" href=\"https:\/\/tereziamako.eu\/wp-content\/uploads\/2024\/12\/mako-maros-part-2.jpg\" data-elementor-open-lightbox=\"yes\" data-elementor-lightbox-slideshow=\"8f7cb62\" data-elementor-lightbox-title=\"mako-maros-part-2\" data-e-action-hash=\"#elementor-action%3Aaction%3Dlightbox%26settings%3DeyJpZCI6NjA1LCJ1cmwiOiJodHRwczpcL1wvdGVyZXppYW1ha28uZXVcL3dwLWNvbnRlbnRcL3VwbG9hZHNcLzIwMjRcLzEyXC9tYWtvLW1hcm9zLXBhcnQtMi5qcGciLCJzbGlkZXNob3ciOiI4ZjdjYjYyIn0%3D\">\n\t\t\t\t\t<div class=\"e-gallery-image elementor-gallery-item__image\" data-thumbnail=\"https:\/\/tereziamako.eu\/wp-content\/uploads\/2024\/12\/mako-maros-part-2.jpg\" data-width=\"1080\" data-height=\"1440\" aria-label=\"Mak\u00f3i l\u00e1tnival\u00f3k\" role=\"img\" ><\/div>\n\t\t\t\t\t\t\t\t\t\t\t<div class=\"elementor-gallery-item__overlay\"><\/div>\n\t\t\t\t\t\t\t\t\t\t\t\t\t\t<\/a>\n\t\t\t\t\t<\/div>\n\t\t\t\t\t<\/div>\n\t\t\t\t<\/div>\n\t\t\t\t\t<\/div>\n\t\t\t\t<\/div>\n\t\t\t\t<\/div>","protected":false},"excerpt":{"rendered":"<p>Program\u00f6tletek, l\u00e1tnival\u00f3k Fedezze fel Mak\u00f3 kincseit! Mak\u00f3, a Maros-parti v\u00e1ros, a magyar Alf\u00f6ld egyik gy\u00f6ngyszeme, amely gazdag kultur\u00e1lis \u00e9s term\u00e9szeti \u00e9rt\u00e9kekkel v\u00e1rja l\u00e1togat\u00f3it. A v\u00e1ros m\u00e9lt\u00e1n h\u00edres a vil\u00e1gszerte ismert mak\u00f3i hagym\u00e1r\u00f3l, de enn\u00e9l sokkal t\u00f6bbet k\u00edn\u00e1l! Mak\u00f3i Hagymatikum Gy\u00f3gyf\u00fcrd\u0151Mak\u00f3 \u00e9kk\u00f6ve a Makovecz Imre \u00e1ltal tervezett Hagymatikum Gy\u00f3gyf\u00fcrd\u0151, amely egyedi \u00e9p\u00edt\u00e9szeti megold\u00e1saival \u00e9s kiv\u00e1l\u00f3 gy\u00f3gyv\u00edz\u00e9vel [&hellip;]<\/p>","protected":false},"author":1,"featured_media":0,"parent":0,"menu_order":0,"comment_status":"closed","ping_status":"closed","template":"","meta":{"footnotes":""},"class_list":["post-597","page","type-page","status-publish","hentry"],"_links":{"self":[{"href":"https:\/\/tereziamako.eu\/de\/wp-json\/wp\/v2\/pages\/597","targetHints":{"allow":["GET"]}}],"collection":[{"href":"https:\/\/tereziamako.eu\/de\/wp-json\/wp\/v2\/pages"}],"about":[{"href":"https:\/\/tereziamako.eu\/de\/wp-json\/wp\/v2\/types\/page"}],"author":[{"embeddable":true,"href":"https:\/\/tereziamako.eu\/de\/wp-json\/wp\/v2\/users\/1"}],"replies":[{"embeddable":true,"href":"https:\/\/tereziamako.eu\/de\/wp-json\/wp\/v2\/comments?post=597"}],"version-history":[{"count":4,"href":"https:\/\/tereziamako.eu\/de\/wp-json\/wp\/v2\/pages\/597\/revisions"}],"predecessor-version":[{"id":622,"href":"https:\/\/tereziamako.eu\/de\/wp-json\/wp\/v2\/pages\/597\/revisions\/622"}],"wp:attachment":[{"href":"https:\/\/tereziamako.eu\/de\/wp-json\/wp\/v2\/media?parent=597"}],"curies":[{"name":"wp","href":"https:\/\/api.w.org\/{rel}","templated":true}]}}